{"id":1961,"date":"2025-11-04T10:03:26","date_gmt":"2025-11-04T10:03:26","guid":{"rendered":"https:\/\/www.hotel-parc-beaumont.com\/contact-access\/contact-form\/"},"modified":"2025-11-25T13:50:47","modified_gmt":"2025-11-25T13:50:47","slug":"contact-form","status":"publish","type":"page","link":"https:\/\/www.hotel-parc-beaumont.com\/en\/contact-access\/contact-form\/","title":{"rendered":"Contact form"},"content":{"rendered":"[vc_row type=&#8221;full_width_content&#8221; full_screen_row_position=&#8221;middle&#8221; column_margin=&#8221;default&#8221; column_direction=&#8221;default&#8221; column_direction_tablet=&#8221;default&#8221; column_direction_phone=&#8221;default&#8221; scene_position=&#8221;center&#8221; top_padding=&#8221;10%&#8221; bottom_padding=&#8221;6%&#8221; left_padding_desktop=&#8221;60&#8243; constrain_group_2=&#8221;yes&#8221; right_padding_desktop=&#8221;60&#8243; top_padding_phone=&#8221;16%&#8221; bottom_padding_phone=&#8221;12%&#8221; left_padding_phone=&#8221;18px&#8221; constrain_group_6=&#8221;yes&#8221; right_padding_phone=&#8221;18px&#8221; text_color=&#8221;dark&#8221; text_align=&#8221;left&#8221; row_border_radius=&#8221;none&#8221; row_border_radius_applies=&#8221;bg&#8221; overflow=&#8221;visible&#8221; id=&#8221;hpb_desti&#8221; overlay_strength=&#8221;0.3&#8243; gradient_direction=&#8221;left_to_right&#8221; shape_divider_position=&#8221;bottom&#8221; bg_image_animation=&#8221;none&#8221; gradient_type=&#8221;default&#8221; shape_type=&#8221;&#8221;][vc_column column_padding=&#8221;no-extra-padding&#8221; column_padding_tablet=&#8221;inherit&#8221; column_padding_phone=&#8221;inherit&#8221; column_padding_position=&#8221;all&#8221; column_element_direction_desktop=&#8221;default&#8221; column_element_spacing=&#8221;default&#8221; desktop_text_alignment=&#8221;default&#8221; tablet_text_alignment=&#8221;default&#8221; phone_text_alignment=&#8221;default&#8221; background_color_opacity=&#8221;1&#8243; background_hover_color_opacity=&#8221;1&#8243; column_backdrop_filter=&#8221;none&#8221; column_shadow=&#8221;none&#8221; column_border_radius=&#8221;none&#8221; column_link_target=&#8221;_self&#8221; column_position=&#8221;default&#8221; gradient_direction=&#8221;left_to_right&#8221; overlay_strength=&#8221;0.3&#8243; width=&#8221;1\/1&#8243; tablet_width_inherit=&#8221;default&#8221; animation_type=&#8221;default&#8221; bg_image_animation=&#8221;none&#8221; border_type=&#8221;simple&#8221; column_border_width=&#8221;none&#8221; column_border_style=&#8221;solid&#8221;][vc_row_inner column_margin=&#8221;default&#8221; column_direction=&#8221;default&#8221; column_direction_tablet=&#8221;default&#8221; column_direction_phone=&#8221;default&#8221; bottom_padding=&#8221;5%&#8221; text_align=&#8221;left&#8221; row_position=&#8221;default&#8221; row_position_tablet=&#8221;inherit&#8221; row_position_phone=&#8221;inherit&#8221; overflow=&#8221;visible&#8221; pointer_events=&#8221;all&#8221;][vc_column_inner column_padding=&#8221;no-extra-padding&#8221; column_padding_tablet=&#8221;inherit&#8221; column_padding_phone=&#8221;inherit&#8221; column_padding_position=&#8221;all&#8221; column_element_direction_desktop=&#8221;default&#8221; column_element_spacing=&#8221;default&#8221; desktop_text_alignment=&#8221;default&#8221; tablet_text_alignment=&#8221;default&#8221; phone_text_alignment=&#8221;default&#8221; background_color_opacity=&#8221;1&#8243; background_hover_color_opacity=&#8221;1&#8243; column_backdrop_filter=&#8221;none&#8221; column_shadow=&#8221;none&#8221; column_border_radius=&#8221;none&#8221; column_link_target=&#8221;_self&#8221; overflow=&#8221;visible&#8221; gradient_direction=&#8221;left_to_right&#8221; overlay_strength=&#8221;0.3&#8243; width=&#8221;1\/4&#8243; tablet_width_inherit=&#8221;default&#8221; animation_type=&#8221;default&#8221; bg_image_animation=&#8221;none&#8221; border_type=&#8221;simple&#8221; column_border_width=&#8221;none&#8221; column_border_style=&#8221;solid&#8221; column_padding_type=&#8221;default&#8221; gradient_type=&#8221;default&#8221;][\/vc_column_inner][vc_column_inner column_padding=&#8221;no-extra-padding&#8221; column_padding_tablet=&#8221;inherit&#8221; column_padding_phone=&#8221;inherit&#8221; column_padding_position=&#8221;all&#8221; column_element_direction_desktop=&#8221;default&#8221; column_element_spacing=&#8221;default&#8221; centered_text=&#8221;true&#8221; desktop_text_alignment=&#8221;center&#8221; tablet_text_alignment=&#8221;default&#8221; phone_text_alignment=&#8221;default&#8221; background_color_opacity=&#8221;1&#8243; background_hover_color_opacity=&#8221;1&#8243; column_backdrop_filter=&#8221;none&#8221; column_shadow=&#8221;none&#8221; column_border_radius=&#8221;none&#8221; column_link_target=&#8221;_self&#8221; overflow=&#8221;visible&#8221; gradient_direction=&#8221;left_to_right&#8221; overlay_strength=&#8221;0.3&#8243; width=&#8221;1\/2&#8243; tablet_width_inherit=&#8221;default&#8221; animation_type=&#8221;default&#8221; bg_image_animation=&#8221;none&#8221; border_type=&#8221;simple&#8221; column_border_width=&#8221;none&#8221; column_border_style=&#8221;solid&#8221; column_padding_type=&#8221;default&#8221; gradient_type=&#8221;default&#8221;][vc_column_text css=&#8221;&#8221; text_direction=&#8221;default&#8221; el_class=&#8221;vector_title v_alt&#8221;]\n<p style=\"text-align: center;\"><span class=\"top_line\">We are listening to you<\/span><\/p>\n<h2 style=\"text-align: center;\"><span class=\"mixed-font_heading\">Contact<\/span> form<\/h2>\n[\/vc_column_text][vc_column_text css=&#8221;&#8221; text_direction=&#8221;default&#8221;]\n<p style=\"text-align: center;\">Fields marked with an <span class=\"req_field\">*<\/span> are requiered<\/p>\n[\/vc_column_text][\/vc_column_inner][vc_column_inner column_padding=&#8221;no-extra-padding&#8221; column_padding_tablet=&#8221;inherit&#8221; column_padding_phone=&#8221;inherit&#8221; column_padding_position=&#8221;all&#8221; column_element_direction_desktop=&#8221;default&#8221; column_element_spacing=&#8221;default&#8221; desktop_text_alignment=&#8221;default&#8221; tablet_text_alignment=&#8221;default&#8221; phone_text_alignment=&#8221;default&#8221; background_color_opacity=&#8221;1&#8243; background_hover_color_opacity=&#8221;1&#8243; column_backdrop_filter=&#8221;none&#8221; column_shadow=&#8221;none&#8221; column_border_radius=&#8221;none&#8221; column_link_target=&#8221;_self&#8221; overflow=&#8221;visible&#8221; gradient_direction=&#8221;left_to_right&#8221; overlay_strength=&#8221;0.3&#8243; width=&#8221;1\/4&#8243; tablet_width_inherit=&#8221;default&#8221; animation_type=&#8221;default&#8221; bg_image_animation=&#8221;none&#8221; border_type=&#8221;simple&#8221; column_border_width=&#8221;none&#8221; column_border_style=&#8221;solid&#8221;][\/vc_column_inner][\/vc_row_inner][vc_row_inner column_margin=&#8221;default&#8221; column_direction=&#8221;default&#8221; column_direction_tablet=&#8221;default&#8221; column_direction_phone=&#8221;default&#8221; text_align=&#8221;left&#8221; row_position=&#8221;default&#8221; row_position_tablet=&#8221;inherit&#8221; row_position_phone=&#8221;inherit&#8221; overflow=&#8221;visible&#8221; pointer_events=&#8221;all&#8221; el_id=&#8221;form_row&#8221;][vc_column_inner column_padding=&#8221;no-extra-padding&#8221; column_padding_tablet=&#8221;inherit&#8221; column_padding_phone=&#8221;inherit&#8221; column_padding_position=&#8221;all&#8221; column_element_direction_desktop=&#8221;default&#8221; column_element_spacing=&#8221;default&#8221; desktop_text_alignment=&#8221;default&#8221; tablet_text_alignment=&#8221;default&#8221; phone_text_alignment=&#8221;default&#8221; background_color_opacity=&#8221;1&#8243; background_hover_color_opacity=&#8221;1&#8243; column_backdrop_filter=&#8221;none&#8221; column_shadow=&#8221;none&#8221; column_border_radius=&#8221;none&#8221; column_link_target=&#8221;_self&#8221; overflow=&#8221;visible&#8221; el_class=&#8221;col_form&#8221; gradient_direction=&#8221;left_to_right&#8221; overlay_strength=&#8221;0.3&#8243; width=&#8221;1\/1&#8243; tablet_width_inherit=&#8221;default&#8221; animation_type=&#8221;default&#8221; bg_image_animation=&#8221;none&#8221; border_type=&#8221;simple&#8221; column_border_width=&#8221;none&#8221; column_border_style=&#8221;solid&#8221; column_padding_type=&#8221;default&#8221; gradient_type=&#8221;default&#8221;]\n<div class=\"wpcf7 no-js\" id=\"wpcf7-f1959-o1\" lang=\"fr-FR\" dir=\"ltr\" data-wpcf7-id=\"1959\">\n<div class=\"screen-reader-response\"><p role=\"status\" aria-live=\"polite\" aria-atomic=\"true\"><\/p> <ul><\/ul><\/div>\n<form action=\"\/en\/wp-json\/wp\/v2\/pages\/1961#wpcf7-f1959-o1\" method=\"post\" class=\"wpcf7-form init\" aria-label=\"Formulaire de contact\" novalidate=\"novalidate\" data-status=\"init\">\n<fieldset class=\"hidden-fields-container\"><input type=\"hidden\" name=\"_wpcf7\" value=\"1959\" \/><input type=\"hidden\" name=\"_wpcf7_version\" value=\"6.1.5\" \/><input type=\"hidden\" name=\"_wpcf7_locale\" value=\"fr_FR\" \/><input type=\"hidden\" name=\"_wpcf7_unit_tag\" value=\"wpcf7-f1959-o1\" \/><input type=\"hidden\" name=\"_wpcf7_container_post\" value=\"0\" \/><input type=\"hidden\" name=\"_wpcf7_posted_data_hash\" value=\"\" \/>\n<\/fieldset>\n<div id=\"hpb_form\">\n\t<div class=\"hpb_form_row\">\n\t\t<p><label> Gender <span class=\"req_field\">*<\/span><br \/>\n<span class=\"wpcf7-form-control-wrap\" data-name=\"select-titre\"><select class=\"wpcf7-form-control wpcf7-select wpcf7-validates-as-required\" aria-required=\"true\" aria-invalid=\"false\" name=\"select-titre\"><option value=\"Sir\">Sir<\/option><option value=\"Mrs\">Mrs<\/option><option value=\"Other\">Other<\/option><\/select><\/span> <\/label><br \/>\n<label> First name <span class=\"req_field\">*<\/span><br \/>\n<span class=\"wpcf7-form-control-wrap\" data-name=\"prenom\"><input size=\"40\" maxlength=\"400\" class=\"wpcf7-form-control wpcf7-text wpcf7-validates-as-required\" autocomplete=\"name\" aria-required=\"true\" aria-invalid=\"false\" value=\"\" type=\"text\" name=\"prenom\" \/><\/span> <\/label><br \/>\n<label> Last name <span class=\"req_field\">*<\/span><br \/>\n<span class=\"wpcf7-form-control-wrap\" data-name=\"nom\"><input size=\"40\" maxlength=\"400\" class=\"wpcf7-form-control wpcf7-text wpcf7-validates-as-required\" autocomplete=\"name\" aria-required=\"true\" aria-invalid=\"false\" value=\"\" type=\"text\" name=\"nom\" \/><\/span> <\/label>\n\t\t<\/p>\n\t<\/div>\n\t<div class=\"hpb_form_row\">\n\t\t<p><label> E-mail <span class=\"req_field\">*<\/span><br \/>\n<span class=\"wpcf7-form-control-wrap\" data-name=\"r78pQ\"><input size=\"40\" maxlength=\"400\" class=\"wpcf7-form-control wpcf7-email wpcf7-validates-as-required wpcf7-text wpcf7-validates-as-email\" autocomplete=\"email\" aria-required=\"true\" aria-invalid=\"false\" value=\"\" type=\"email\" name=\"r78pQ\" \/><\/span> <\/label><br \/>\n<label> Phone number<span class=\"req_field\">*<\/span><br \/>\n<span class=\"wpcf7-form-control-wrap\" data-name=\"tel-telephone\"><input size=\"40\" maxlength=\"400\" class=\"wpcf7-form-control wpcf7-tel wpcf7-validates-as-required wpcf7-text wpcf7-validates-as-tel\" autocomplete=\"tel\" aria-required=\"true\" aria-invalid=\"false\" value=\"\" type=\"tel\" name=\"tel-telephone\" \/><\/span> <\/label>\n\t\t<\/p>\n\t<\/div>\n\t<div class=\"hpb_form_row\">\n\t\t<p><label> Your request <span class=\"req_field\">*<\/span><br \/>\n<span class=\"wpcf7-form-control-wrap\" data-name=\"select-demande\"><select class=\"wpcf7-form-control wpcf7-select wpcf7-validates-as-required\" aria-required=\"true\" aria-invalid=\"false\" name=\"select-demande\"><option value=\"Booking\">Booking<\/option><option value=\"Restaurate\">Restaurate<\/option><option value=\"Spa\">Spa<\/option><option value=\"Events &amp; Seminars\">Events &amp; Seminars<\/option><option value=\"Press\">Press<\/option><option value=\"Communication &amp; Marketing\">Communication &amp; Marketing<\/option><option value=\"Recrutment\">Recrutment<\/option><option value=\"Gift Cards &amp; Gift Sets\">Gift Cards &amp; Gift Sets<\/option><option value=\"Legal\">Legal<\/option><\/select><\/span> <\/label>\n\t\t<\/p>\n\t<\/div>\n\t<div class=\"hpb_form_row\">\n\t\t<p><label> Language preference <span class=\"req_field\">*<\/span><br \/>\n<span class=\"wpcf7-form-control-wrap\" data-name=\"select-lang\"><select class=\"wpcf7-form-control wpcf7-select wpcf7-validates-as-required\" aria-required=\"true\" aria-invalid=\"false\" name=\"select-lang\"><option value=\"Fran\u00e7ais\">Fran\u00e7ais<\/option><option value=\"English\">English<\/option><option value=\"Espa\u00f1ol\">Espa\u00f1ol<\/option><\/select><\/span> <\/label><br \/>\n<label> Desired contact method <span class=\"req_field\">*<\/span><br \/>\n<span class=\"wpcf7-form-control-wrap\" data-name=\"select-methode\"><select class=\"wpcf7-form-control wpcf7-select wpcf7-validates-as-required\" aria-required=\"true\" aria-invalid=\"false\" name=\"select-methode\"><option value=\"By e-mail\">By e-mail<\/option><option value=\"By phone\">By phone<\/option><\/select><\/span> <\/label>\n\t\t<\/p>\n\t<\/div>\n\t<div class=\"hpb_form_row\">\n\t\t<p><label> Your message <span class=\"req_field\">*<\/span><br \/>\n<span class=\"wpcf7-form-control-wrap\" data-name=\"message\"><textarea cols=\"40\" rows=\"10\" maxlength=\"2000\" class=\"wpcf7-form-control wpcf7-textarea wpcf7-validates-as-required\" aria-required=\"true\" aria-invalid=\"false\" name=\"message\"><\/textarea><\/span><br \/>\n<\/label>\n\t\t<\/p>\n\t<\/div>\n\t<div class=\"hpb_form_row\">\n\t\t<p><span class=\"wpcf7-form-control-wrap\" data-name=\"checkbox-newsletter\"><span class=\"wpcf7-form-control wpcf7-checkbox\"><span class=\"wpcf7-list-item first last\"><label><input type=\"checkbox\" name=\"checkbox-newsletter[]\" value=\"Stay informed about news and events at the Hotel Parc Beaumont\" \/><span class=\"wpcf7-list-item-label\">Stay informed about news and events at the Hotel Parc Beaumont<\/span><\/label><\/span><\/span><\/span>\n\t\t<\/p>\n\t<\/div>\n\t<div class=\"hpb_form_row\">\n\t\t<p><span class=\"wpcf7-form-control-wrap\" data-name=\"acceptance-rgpd\"><span class=\"wpcf7-form-control wpcf7-acceptance\"><span class=\"wpcf7-list-item\"><label><input type=\"checkbox\" name=\"acceptance-rgpd\" value=\"1\" aria-invalid=\"false\" \/><span class=\"wpcf7-list-item-label\">By checking this box, I agree that the H\u00f4tel Parc Beaumont may use my contact details in accordance with its <a href=\"\/en\/privacy-policy\/\" target=\"_blank\">privacy policy.<\/a> <span class=\"req_field\">*<\/span><\/span><\/label><\/span><\/span><\/span>\n\t\t<\/p>\n\t<\/div>\n\t<p><input class=\"wpcf7-form-control wpcf7-submit has-spinner\" type=\"submit\" value=\"Send\" \/>\n\t<\/p>\n<\/div><div class=\"wpcf7-response-output\" aria-hidden=\"true\"><\/div>\n<\/form>\n<\/div>\n[\/vc_column_inner][\/vc_row_inner][\/vc_column][\/vc_row]\n","protected":false},"excerpt":{"rendered":"<p>[vc_row type=&#8221;full_width_content&#8221; full_screen_row_position=&#8221;middle&#8221; column_margin=&#8221;default&#8221; column_direction=&#8221;default&#8221; column_direction_tablet=&#8221;default&#8221; column_direction_phone=&#8221;default&#8221; scene_position=&#8221;center&#8221; top_padding=&#8221;10%&#8221; bottom_padding=&#8221;6%&#8221; left_padding_desktop=&#8221;60&#8243; constrain_group_2=&#8221;yes&#8221; right_padding_desktop=&#8221;60&#8243; top_padding_phone=&#8221;16%&#8221; bottom_padding_phone=&#8221;12%&#8221; left_padding_phone=&#8221;18px&#8221; constrain_group_6=&#8221;yes&#8221; right_padding_phone=&#8221;18px&#8221; text_color=&#8221;dark&#8221; text_align=&#8221;left&#8221; row_border_radius=&#8221;none&#8221; row_border_radius_applies=&#8221;bg&#8221; overflow=&#8221;visible&#8221; id=&#8221;hpb_desti&#8221; overlay_strength=&#8221;0.3&#8243; gradient_direction=&#8221;left_to_right&#8221; shape_divider_position=&#8221;bottom&#8221; bg_image_animation=&#8221;none&#8221; gradient_type=&#8221;default&#8221; shape_type=&#8221;&#8221;][vc_column&#8230;<\/p>\n","protected":false},"author":1,"featured_media":0,"parent":1266,"menu_order":0,"comment_status":"closed","ping_status":"closed","template":"","meta":{"inline_featured_image":false,"footnotes":""},"class_list":["post-1961","page","type-page","status-publish"],"yoast_head":"<!-- This site is optimized with the Yoast SEO plugin v27.1.1 - https:\/\/yoast.com\/product\/yoast-seo-wordpress\/ -->\n<title>Contact form - H\u00f4tel Parc Beaumont<\/title>\n<meta name=\"robots\" content=\"index, follow, max-snippet:-1, max-image-preview:large, max-video-preview:-1\" \/>\n<link rel=\"canonical\" href=\"https:\/\/www.hotel-parc-beaumont.com\/en\/contact-access\/contact-form\/\" \/>\n<meta property=\"og:locale\" content=\"en_US\" \/>\n<meta property=\"og:type\" content=\"article\" \/>\n<meta property=\"og:title\" content=\"Contact form - H\u00f4tel Parc Beaumont\" \/>\n<meta property=\"og:description\" content=\"[vc_row type=&#8221;full_width_content&#8221; full_screen_row_position=&#8221;middle&#8221; column_margin=&#8221;default&#8221; column_direction=&#8221;default&#8221; column_direction_tablet=&#8221;default&#8221; column_direction_phone=&#8221;default&#8221; scene_position=&#8221;center&#8221; top_padding=&#8221;10%&#8221; bottom_padding=&#8221;6%&#8221; left_padding_desktop=&#8221;60&#8243; constrain_group_2=&#8221;yes&#8221; right_padding_desktop=&#8221;60&#8243; top_padding_phone=&#8221;16%&#8221; bottom_padding_phone=&#8221;12%&#8221; left_padding_phone=&#8221;18px&#8221; constrain_group_6=&#8221;yes&#8221; right_padding_phone=&#8221;18px&#8221; text_color=&#8221;dark&#8221; text_align=&#8221;left&#8221; row_border_radius=&#8221;none&#8221; row_border_radius_applies=&#8221;bg&#8221; overflow=&#8221;visible&#8221; id=&#8221;hpb_desti&#8221; overlay_strength=&#8221;0.3&#8243; gradient_direction=&#8221;left_to_right&#8221; shape_divider_position=&#8221;bottom&#8221; bg_image_animation=&#8221;none&#8221; gradient_type=&#8221;default&#8221; shape_type=&#8221;&#8221;][vc_column...\" \/>\n<meta property=\"og:url\" content=\"https:\/\/www.hotel-parc-beaumont.com\/en\/contact-access\/contact-form\/\" \/>\n<meta property=\"og:site_name\" content=\"H\u00f4tel Parc Beaumont\" \/>\n<meta property=\"article:publisher\" content=\"https:\/\/www.facebook.com\/hotel.parc.beaumont\" \/>\n<meta property=\"article:modified_time\" content=\"2025-11-25T13:50:47+00:00\" \/>\n<meta property=\"og:image\" content=\"https:\/\/www.hotel-parc-beaumont.com\/wp-content\/uploads\/2025\/02\/exterieur-web--scaled.jpg\" \/>\n\t<meta property=\"og:image:width\" content=\"2560\" \/>\n\t<meta property=\"og:image:height\" content=\"1784\" \/>\n\t<meta property=\"og:image:type\" content=\"image\/jpeg\" \/>\n<meta name=\"twitter:card\" content=\"summary_large_image\" \/>\n<meta name=\"twitter:label1\" content=\"Est. reading time\" \/>\n\t<meta name=\"twitter:data1\" content=\"1 minute\" \/>\n<script type=\"application\/ld+json\" class=\"yoast-schema-graph\">{\"@context\":\"https:\/\/schema.org\",\"@graph\":[{\"@type\":\"WebPage\",\"@id\":\"https:\/\/www.hotel-parc-beaumont.com\/en\/contact-access\/contact-form\/\",\"url\":\"https:\/\/www.hotel-parc-beaumont.com\/en\/contact-access\/contact-form\/\",\"name\":\"Contact form - H\u00f4tel Parc Beaumont\",\"isPartOf\":{\"@id\":\"https:\/\/www.hotel-parc-beaumont.com\/#website\"},\"datePublished\":\"2025-11-04T10:03:26+00:00\",\"dateModified\":\"2025-11-25T13:50:47+00:00\",\"breadcrumb\":{\"@id\":\"https:\/\/www.hotel-parc-beaumont.com\/en\/contact-access\/contact-form\/#breadcrumb\"},\"inLanguage\":\"en-US\",\"potentialAction\":[{\"@type\":\"ReadAction\",\"target\":[\"https:\/\/www.hotel-parc-beaumont.com\/en\/contact-access\/contact-form\/\"]}]},{\"@type\":\"BreadcrumbList\",\"@id\":\"https:\/\/www.hotel-parc-beaumont.com\/en\/contact-access\/contact-form\/#breadcrumb\",\"itemListElement\":[{\"@type\":\"ListItem\",\"position\":1,\"name\":\"Accueil\",\"item\":\"https:\/\/www.hotel-parc-beaumont.com\/en\/\"},{\"@type\":\"ListItem\",\"position\":2,\"name\":\"Contact &amp; Access\",\"item\":\"https:\/\/www.hotel-parc-beaumont.com\/en\/contact-access\/\"},{\"@type\":\"ListItem\",\"position\":3,\"name\":\"Contact form\"}]},{\"@type\":\"WebSite\",\"@id\":\"https:\/\/www.hotel-parc-beaumont.com\/#website\",\"url\":\"https:\/\/www.hotel-parc-beaumont.com\/\",\"name\":\"H\u00f4tel Parc Beaumont\",\"description\":\"H\u00f4tel \u00e0 Pau MGallery Collection\",\"publisher\":{\"@id\":\"https:\/\/www.hotel-parc-beaumont.com\/#organization\"},\"potentialAction\":[{\"@type\":\"SearchAction\",\"target\":{\"@type\":\"EntryPoint\",\"urlTemplate\":\"https:\/\/www.hotel-parc-beaumont.com\/?s={search_term_string}\"},\"query-input\":{\"@type\":\"PropertyValueSpecification\",\"valueRequired\":true,\"valueName\":\"search_term_string\"}}],\"inLanguage\":\"en-US\"},{\"@type\":\"Organization\",\"@id\":\"https:\/\/www.hotel-parc-beaumont.com\/#organization\",\"name\":\"H\u00f4tel Parc Beaumont\",\"url\":\"https:\/\/www.hotel-parc-beaumont.com\/\",\"logo\":{\"@type\":\"ImageObject\",\"inLanguage\":\"en-US\",\"@id\":\"https:\/\/www.hotel-parc-beaumont.com\/#\/schema\/logo\/image\/\",\"url\":\"https:\/\/www.hotel-parc-beaumont.com\/wp-content\/uploads\/2025\/02\/HotelParcBeaumont_Logo_Green.svg\",\"contentUrl\":\"https:\/\/www.hotel-parc-beaumont.com\/wp-content\/uploads\/2025\/02\/HotelParcBeaumont_Logo_Green.svg\",\"width\":291,\"height\":50,\"caption\":\"H\u00f4tel Parc Beaumont\"},\"image\":{\"@id\":\"https:\/\/www.hotel-parc-beaumont.com\/#\/schema\/logo\/image\/\"},\"sameAs\":[\"https:\/\/www.facebook.com\/hotel.parc.beaumont\",\"https:\/\/www.instagram.com\/hotelparcbeaumont\/\"]}]}<\/script>\n<!-- \/ Yoast SEO plugin. -->","yoast_head_json":{"title":"Contact form - H\u00f4tel Parc Beaumont","robots":{"index":"index","follow":"follow","max-snippet":"max-snippet:-1","max-image-preview":"max-image-preview:large","max-video-preview":"max-video-preview:-1"},"canonical":"https:\/\/www.hotel-parc-beaumont.com\/en\/contact-access\/contact-form\/","og_locale":"en_US","og_type":"article","og_title":"Contact form - H\u00f4tel Parc Beaumont","og_description":"[vc_row type=&#8221;full_width_content&#8221; full_screen_row_position=&#8221;middle&#8221; column_margin=&#8221;default&#8221; column_direction=&#8221;default&#8221; column_direction_tablet=&#8221;default&#8221; column_direction_phone=&#8221;default&#8221; scene_position=&#8221;center&#8221; top_padding=&#8221;10%&#8221; bottom_padding=&#8221;6%&#8221; left_padding_desktop=&#8221;60&#8243; constrain_group_2=&#8221;yes&#8221; right_padding_desktop=&#8221;60&#8243; top_padding_phone=&#8221;16%&#8221; bottom_padding_phone=&#8221;12%&#8221; left_padding_phone=&#8221;18px&#8221; constrain_group_6=&#8221;yes&#8221; right_padding_phone=&#8221;18px&#8221; text_color=&#8221;dark&#8221; text_align=&#8221;left&#8221; row_border_radius=&#8221;none&#8221; row_border_radius_applies=&#8221;bg&#8221; overflow=&#8221;visible&#8221; id=&#8221;hpb_desti&#8221; overlay_strength=&#8221;0.3&#8243; gradient_direction=&#8221;left_to_right&#8221; shape_divider_position=&#8221;bottom&#8221; bg_image_animation=&#8221;none&#8221; gradient_type=&#8221;default&#8221; shape_type=&#8221;&#8221;][vc_column...","og_url":"https:\/\/www.hotel-parc-beaumont.com\/en\/contact-access\/contact-form\/","og_site_name":"H\u00f4tel Parc Beaumont","article_publisher":"https:\/\/www.facebook.com\/hotel.parc.beaumont","article_modified_time":"2025-11-25T13:50:47+00:00","og_image":[{"width":2560,"height":1784,"url":"https:\/\/www.hotel-parc-beaumont.com\/wp-content\/uploads\/2025\/02\/exterieur-web--scaled.jpg","type":"image\/jpeg"}],"twitter_card":"summary_large_image","twitter_misc":{"Est. reading time":"1 minute"},"schema":{"@context":"https:\/\/schema.org","@graph":[{"@type":"WebPage","@id":"https:\/\/www.hotel-parc-beaumont.com\/en\/contact-access\/contact-form\/","url":"https:\/\/www.hotel-parc-beaumont.com\/en\/contact-access\/contact-form\/","name":"Contact form - H\u00f4tel Parc Beaumont","isPartOf":{"@id":"https:\/\/www.hotel-parc-beaumont.com\/#website"},"datePublished":"2025-11-04T10:03:26+00:00","dateModified":"2025-11-25T13:50:47+00:00","breadcrumb":{"@id":"https:\/\/www.hotel-parc-beaumont.com\/en\/contact-access\/contact-form\/#breadcrumb"},"inLanguage":"en-US","potentialAction":[{"@type":"ReadAction","target":["https:\/\/www.hotel-parc-beaumont.com\/en\/contact-access\/contact-form\/"]}]},{"@type":"BreadcrumbList","@id":"https:\/\/www.hotel-parc-beaumont.com\/en\/contact-access\/contact-form\/#breadcrumb","itemListElement":[{"@type":"ListItem","position":1,"name":"Accueil","item":"https:\/\/www.hotel-parc-beaumont.com\/en\/"},{"@type":"ListItem","position":2,"name":"Contact &amp; Access","item":"https:\/\/www.hotel-parc-beaumont.com\/en\/contact-access\/"},{"@type":"ListItem","position":3,"name":"Contact form"}]},{"@type":"WebSite","@id":"https:\/\/www.hotel-parc-beaumont.com\/#website","url":"https:\/\/www.hotel-parc-beaumont.com\/","name":"H\u00f4tel Parc Beaumont","description":"H\u00f4tel \u00e0 Pau MGallery Collection","publisher":{"@id":"https:\/\/www.hotel-parc-beaumont.com\/#organization"},"potentialAction":[{"@type":"SearchAction","target":{"@type":"EntryPoint","urlTemplate":"https:\/\/www.hotel-parc-beaumont.com\/?s={search_term_string}"},"query-input":{"@type":"PropertyValueSpecification","valueRequired":true,"valueName":"search_term_string"}}],"inLanguage":"en-US"},{"@type":"Organization","@id":"https:\/\/www.hotel-parc-beaumont.com\/#organization","name":"H\u00f4tel Parc Beaumont","url":"https:\/\/www.hotel-parc-beaumont.com\/","logo":{"@type":"ImageObject","inLanguage":"en-US","@id":"https:\/\/www.hotel-parc-beaumont.com\/#\/schema\/logo\/image\/","url":"https:\/\/www.hotel-parc-beaumont.com\/wp-content\/uploads\/2025\/02\/HotelParcBeaumont_Logo_Green.svg","contentUrl":"https:\/\/www.hotel-parc-beaumont.com\/wp-content\/uploads\/2025\/02\/HotelParcBeaumont_Logo_Green.svg","width":291,"height":50,"caption":"H\u00f4tel Parc Beaumont"},"image":{"@id":"https:\/\/www.hotel-parc-beaumont.com\/#\/schema\/logo\/image\/"},"sameAs":["https:\/\/www.facebook.com\/hotel.parc.beaumont","https:\/\/www.instagram.com\/hotelparcbeaumont\/"]}]}},"_links":{"self":[{"href":"https:\/\/www.hotel-parc-beaumont.com\/en\/wp-json\/wp\/v2\/pages\/1961","targetHints":{"allow":["GET"]}}],"collection":[{"href":"https:\/\/www.hotel-parc-beaumont.com\/en\/wp-json\/wp\/v2\/pages"}],"about":[{"href":"https:\/\/www.hotel-parc-beaumont.com\/en\/wp-json\/wp\/v2\/types\/page"}],"author":[{"embeddable":true,"href":"https:\/\/www.hotel-parc-beaumont.com\/en\/wp-json\/wp\/v2\/users\/1"}],"replies":[{"embeddable":true,"href":"https:\/\/www.hotel-parc-beaumont.com\/en\/wp-json\/wp\/v2\/comments?post=1961"}],"version-history":[{"count":4,"href":"https:\/\/www.hotel-parc-beaumont.com\/en\/wp-json\/wp\/v2\/pages\/1961\/revisions"}],"predecessor-version":[{"id":1970,"href":"https:\/\/www.hotel-parc-beaumont.com\/en\/wp-json\/wp\/v2\/pages\/1961\/revisions\/1970"}],"up":[{"embeddable":true,"href":"https:\/\/www.hotel-parc-beaumont.com\/en\/wp-json\/wp\/v2\/pages\/1266"}],"wp:attachment":[{"href":"https:\/\/www.hotel-parc-beaumont.com\/en\/wp-json\/wp\/v2\/media?parent=1961"}],"curies":[{"name":"wp","href":"https:\/\/api.w.org\/{rel}","templated":true}]}}