{"id":1964,"date":"2025-11-04T10:03:26","date_gmt":"2025-11-04T10:03:26","guid":{"rendered":"https:\/\/www.hotel-parc-beaumont.com\/contacto-y-acceso\/formulario-de-contacto\/"},"modified":"2025-11-25T13:49:30","modified_gmt":"2025-11-25T13:49:30","slug":"formulario-de-contacto","status":"publish","type":"page","link":"https:\/\/www.hotel-parc-beaumont.com\/es\/contacto-y-acceso\/formulario-de-contacto\/","title":{"rendered":"Formulario de contacto"},"content":{"rendered":"[vc_row type=\u00bbfull_width_content\u00bb full_screen_row_position=\u00bbmiddle\u00bb column_margin=\u00bbdefault\u00bb column_direction=\u00bbdefault\u00bb column_direction_tablet=\u00bbdefault\u00bb column_direction_phone=\u00bbdefault\u00bb scene_position=\u00bbcenter\u00bb top_padding=\u00bb10%\u00bb bottom_padding=\u00bb6%\u00bb left_padding_desktop=\u00bb60&#8243; constrain_group_2=\u00bbyes\u00bb right_padding_desktop=\u00bb60&#8243; top_padding_phone=\u00bb16%\u00bb bottom_padding_phone=\u00bb12%\u00bb left_padding_phone=\u00bb18px\u00bb constrain_group_6=\u00bbyes\u00bb right_padding_phone=\u00bb18px\u00bb text_color=\u00bbdark\u00bb text_align=\u00bbleft\u00bb row_border_radius=\u00bbnone\u00bb row_border_radius_applies=\u00bbbg\u00bb overflow=\u00bbvisible\u00bb id=\u00bbhpb_desti\u00bb overlay_strength=\u00bb0.3&#8243; gradient_direction=\u00bbleft_to_right\u00bb shape_divider_position=\u00bbbottom\u00bb bg_image_animation=\u00bbnone\u00bb gradient_type=\u00bbdefault\u00bb shape_type=\u00bb\u00bb][vc_column column_padding=\u00bbno-extra-padding\u00bb column_padding_tablet=\u00bbinherit\u00bb column_padding_phone=\u00bbinherit\u00bb column_padding_position=\u00bball\u00bb column_element_direction_desktop=\u00bbdefault\u00bb column_element_spacing=\u00bbdefault\u00bb desktop_text_alignment=\u00bbdefault\u00bb tablet_text_alignment=\u00bbdefault\u00bb phone_text_alignment=\u00bbdefault\u00bb background_color_opacity=\u00bb1&#8243; background_hover_color_opacity=\u00bb1&#8243; column_backdrop_filter=\u00bbnone\u00bb column_shadow=\u00bbnone\u00bb column_border_radius=\u00bbnone\u00bb column_link_target=\u00bb_self\u00bb column_position=\u00bbdefault\u00bb gradient_direction=\u00bbleft_to_right\u00bb overlay_strength=\u00bb0.3&#8243; width=\u00bb1\/1&#8243; tablet_width_inherit=\u00bbdefault\u00bb animation_type=\u00bbdefault\u00bb bg_image_animation=\u00bbnone\u00bb border_type=\u00bbsimple\u00bb column_border_width=\u00bbnone\u00bb column_border_style=\u00bbsolid\u00bb][vc_row_inner column_margin=\u00bbdefault\u00bb column_direction=\u00bbdefault\u00bb column_direction_tablet=\u00bbdefault\u00bb column_direction_phone=\u00bbdefault\u00bb bottom_padding=\u00bb5%\u00bb text_align=\u00bbleft\u00bb row_position=\u00bbdefault\u00bb row_position_tablet=\u00bbinherit\u00bb row_position_phone=\u00bbinherit\u00bb overflow=\u00bbvisible\u00bb pointer_events=\u00bball\u00bb][vc_column_inner column_padding=\u00bbno-extra-padding\u00bb column_padding_tablet=\u00bbinherit\u00bb column_padding_phone=\u00bbinherit\u00bb column_padding_position=\u00bball\u00bb column_element_direction_desktop=\u00bbdefault\u00bb column_element_spacing=\u00bbdefault\u00bb desktop_text_alignment=\u00bbdefault\u00bb tablet_text_alignment=\u00bbdefault\u00bb phone_text_alignment=\u00bbdefault\u00bb background_color_opacity=\u00bb1&#8243; background_hover_color_opacity=\u00bb1&#8243; column_backdrop_filter=\u00bbnone\u00bb column_shadow=\u00bbnone\u00bb column_border_radius=\u00bbnone\u00bb column_link_target=\u00bb_self\u00bb overflow=\u00bbvisible\u00bb gradient_direction=\u00bbleft_to_right\u00bb overlay_strength=\u00bb0.3&#8243; width=\u00bb1\/4&#8243; tablet_width_inherit=\u00bbdefault\u00bb animation_type=\u00bbdefault\u00bb bg_image_animation=\u00bbnone\u00bb border_type=\u00bbsimple\u00bb column_border_width=\u00bbnone\u00bb column_border_style=\u00bbsolid\u00bb column_padding_type=\u00bbdefault\u00bb gradient_type=\u00bbdefault\u00bb][\/vc_column_inner][vc_column_inner column_padding=\u00bbno-extra-padding\u00bb column_padding_tablet=\u00bbinherit\u00bb column_padding_phone=\u00bbinherit\u00bb column_padding_position=\u00bball\u00bb column_element_direction_desktop=\u00bbdefault\u00bb column_element_spacing=\u00bbdefault\u00bb centered_text=\u00bbtrue\u00bb desktop_text_alignment=\u00bbcenter\u00bb tablet_text_alignment=\u00bbdefault\u00bb phone_text_alignment=\u00bbdefault\u00bb background_color_opacity=\u00bb1&#8243; background_hover_color_opacity=\u00bb1&#8243; column_backdrop_filter=\u00bbnone\u00bb column_shadow=\u00bbnone\u00bb column_border_radius=\u00bbnone\u00bb column_link_target=\u00bb_self\u00bb overflow=\u00bbvisible\u00bb gradient_direction=\u00bbleft_to_right\u00bb overlay_strength=\u00bb0.3&#8243; width=\u00bb1\/2&#8243; tablet_width_inherit=\u00bbdefault\u00bb animation_type=\u00bbdefault\u00bb bg_image_animation=\u00bbnone\u00bb border_type=\u00bbsimple\u00bb column_border_width=\u00bbnone\u00bb column_border_style=\u00bbsolid\u00bb column_padding_type=\u00bbdefault\u00bb gradient_type=\u00bbdefault\u00bb][vc_column_text css=\u00bb\u00bb text_direction=\u00bbdefault\u00bb el_class=\u00bbvector_title v_alt\u00bb]\n<p style=\"text-align: center;\"><span class=\"top_line\">Se estamos escuchando<\/span><\/p>\n<h2 style=\"text-align: center;\">Formulario de <span class=\"mixed-font_heading\">contacto<\/span><\/h2>\n[\/vc_column_text][vc_column_text css=\u00bb\u00bb text_direction=\u00bbdefault\u00bb]\n<p style=\"text-align: center;\">Los campos marcados con un <span class=\"req_field\">*<\/span> son obligatorios.<\/p>\n[\/vc_column_text][\/vc_column_inner][vc_column_inner column_padding=\u00bbno-extra-padding\u00bb column_padding_tablet=\u00bbinherit\u00bb column_padding_phone=\u00bbinherit\u00bb column_padding_position=\u00bball\u00bb column_element_direction_desktop=\u00bbdefault\u00bb column_element_spacing=\u00bbdefault\u00bb desktop_text_alignment=\u00bbdefault\u00bb tablet_text_alignment=\u00bbdefault\u00bb phone_text_alignment=\u00bbdefault\u00bb background_color_opacity=\u00bb1&#8243; background_hover_color_opacity=\u00bb1&#8243; column_backdrop_filter=\u00bbnone\u00bb column_shadow=\u00bbnone\u00bb column_border_radius=\u00bbnone\u00bb column_link_target=\u00bb_self\u00bb overflow=\u00bbvisible\u00bb gradient_direction=\u00bbleft_to_right\u00bb overlay_strength=\u00bb0.3&#8243; width=\u00bb1\/4&#8243; tablet_width_inherit=\u00bbdefault\u00bb animation_type=\u00bbdefault\u00bb bg_image_animation=\u00bbnone\u00bb border_type=\u00bbsimple\u00bb column_border_width=\u00bbnone\u00bb column_border_style=\u00bbsolid\u00bb][\/vc_column_inner][\/vc_row_inner][vc_row_inner column_margin=\u00bbdefault\u00bb column_direction=\u00bbdefault\u00bb column_direction_tablet=\u00bbdefault\u00bb column_direction_phone=\u00bbdefault\u00bb text_align=\u00bbleft\u00bb row_position=\u00bbdefault\u00bb row_position_tablet=\u00bbinherit\u00bb row_position_phone=\u00bbinherit\u00bb overflow=\u00bbvisible\u00bb pointer_events=\u00bball\u00bb el_id=\u00bbform_row\u00bb][vc_column_inner column_padding=\u00bbno-extra-padding\u00bb column_padding_tablet=\u00bbinherit\u00bb column_padding_phone=\u00bbinherit\u00bb column_padding_position=\u00bball\u00bb column_element_direction_desktop=\u00bbdefault\u00bb column_element_spacing=\u00bbdefault\u00bb desktop_text_alignment=\u00bbdefault\u00bb tablet_text_alignment=\u00bbdefault\u00bb phone_text_alignment=\u00bbdefault\u00bb background_color_opacity=\u00bb1&#8243; background_hover_color_opacity=\u00bb1&#8243; column_backdrop_filter=\u00bbnone\u00bb column_shadow=\u00bbnone\u00bb column_border_radius=\u00bbnone\u00bb column_link_target=\u00bb_self\u00bb overflow=\u00bbvisible\u00bb el_class=\u00bbcol_form\u00bb gradient_direction=\u00bbleft_to_right\u00bb overlay_strength=\u00bb0.3&#8243; width=\u00bb1\/1&#8243; tablet_width_inherit=\u00bbdefault\u00bb animation_type=\u00bbdefault\u00bb bg_image_animation=\u00bbnone\u00bb border_type=\u00bbsimple\u00bb column_border_width=\u00bbnone\u00bb column_border_style=\u00bbsolid\u00bb column_padding_type=\u00bbdefault\u00bb gradient_type=\u00bbdefault\u00bb]\n<div class=\"wpcf7 no-js\" id=\"wpcf7-f1960-o1\" lang=\"fr-FR\" dir=\"ltr\" data-wpcf7-id=\"1960\">\n<div class=\"screen-reader-response\"><p role=\"status\" aria-live=\"polite\" aria-atomic=\"true\"><\/p> <ul><\/ul><\/div>\n<form action=\"\/es\/wp-json\/wp\/v2\/pages\/1964#wpcf7-f1960-o1\" method=\"post\" class=\"wpcf7-form init\" aria-label=\"Formulaire de contact\" novalidate=\"novalidate\" data-status=\"init\">\n<fieldset class=\"hidden-fields-container\"><input type=\"hidden\" name=\"_wpcf7\" value=\"1960\" \/><input type=\"hidden\" name=\"_wpcf7_version\" value=\"6.1.5\" \/><input type=\"hidden\" name=\"_wpcf7_locale\" value=\"fr_FR\" \/><input type=\"hidden\" name=\"_wpcf7_unit_tag\" value=\"wpcf7-f1960-o1\" \/><input type=\"hidden\" name=\"_wpcf7_container_post\" value=\"0\" \/><input type=\"hidden\" name=\"_wpcf7_posted_data_hash\" value=\"\" \/>\n<\/fieldset>\n<div id=\"hpb_form\">\n\t<div class=\"hpb_form_row\">\n\t\t<p><label> T\u00edtulo <span class=\"req_field\">*<\/span><br \/>\n<span class=\"wpcf7-form-control-wrap\" data-name=\"select-titre\"><select class=\"wpcf7-form-control wpcf7-select wpcf7-validates-as-required\" aria-required=\"true\" aria-invalid=\"false\" name=\"select-titre\"><option value=\"Se\u00f1or\">Se\u00f1or<\/option><option value=\"Se\u00f1ora\">Se\u00f1ora<\/option><option value=\"Otro\">Otro<\/option><\/select><\/span> <\/label><br \/>\n<label> Nombre de pila <span class=\"req_field\">*<\/span><br \/>\n<span class=\"wpcf7-form-control-wrap\" data-name=\"prenom\"><input size=\"40\" maxlength=\"400\" class=\"wpcf7-form-control wpcf7-text wpcf7-validates-as-required\" autocomplete=\"name\" aria-required=\"true\" aria-invalid=\"false\" value=\"\" type=\"text\" name=\"prenom\" \/><\/span> <\/label><br \/>\n<label> Nombre <span class=\"req_field\">*<\/span><br \/>\n<span class=\"wpcf7-form-control-wrap\" data-name=\"nom\"><input size=\"40\" maxlength=\"400\" class=\"wpcf7-form-control wpcf7-text wpcf7-validates-as-required\" autocomplete=\"name\" aria-required=\"true\" aria-invalid=\"false\" value=\"\" type=\"text\" name=\"nom\" \/><\/span> <\/label>\n\t\t<\/p>\n\t<\/div>\n\t<div class=\"hpb_form_row\">\n\t\t<p><label> E-mail <span class=\"req_field\">*<\/span><br \/>\n<span class=\"wpcf7-form-control-wrap\" data-name=\"r78pQ\"><input size=\"40\" maxlength=\"400\" class=\"wpcf7-form-control wpcf7-email wpcf7-validates-as-required wpcf7-text wpcf7-validates-as-email\" autocomplete=\"email\" aria-required=\"true\" aria-invalid=\"false\" value=\"\" type=\"email\" name=\"r78pQ\" \/><\/span> <\/label><br \/>\n<label> Tel\u00e9fono <span class=\"req_field\">*<\/span><br \/>\n<span class=\"wpcf7-form-control-wrap\" data-name=\"tel-telephone\"><input size=\"40\" maxlength=\"400\" class=\"wpcf7-form-control wpcf7-tel wpcf7-validates-as-required wpcf7-text wpcf7-validates-as-tel\" autocomplete=\"tel\" aria-required=\"true\" aria-invalid=\"false\" value=\"\" type=\"tel\" name=\"tel-telephone\" \/><\/span> <\/label>\n\t\t<\/p>\n\t<\/div>\n\t<div class=\"hpb_form_row\">\n\t\t<p><label> Su petici\u00f3n <span class=\"req_field\">*<\/span><br \/>\n<span class=\"wpcf7-form-control-wrap\" data-name=\"select-demande\"><select class=\"wpcf7-form-control wpcf7-select wpcf7-validates-as-required\" aria-required=\"true\" aria-invalid=\"false\" name=\"select-demande\"><option value=\"Reservas\">Reservas<\/option><option value=\"Restauraci\u00f3n\">Restauraci\u00f3n<\/option><option value=\"Spa\">Spa<\/option><option value=\"Eventos y seminarios\">Eventos y seminarios<\/option><option value=\"Prensa\">Prensa<\/option><option value=\"Comunicaci\u00f3n y M\u00e1rketing\">Comunicaci\u00f3n y M\u00e1rketing<\/option><option value=\"Reclutamiento\">Reclutamiento<\/option><option value=\"Tarjetas de regalo y sets de regalo\">Tarjetas de regalo y sets de regalo<\/option><option value=\"Legal\">Legal<\/option><\/select><\/span> <\/label>\n\t\t<\/p>\n\t<\/div>\n\t<div class=\"hpb_form_row\">\n\t\t<p><label> Preferencia de idioma <span class=\"req_field\">*<\/span><br \/>\n<span class=\"wpcf7-form-control-wrap\" data-name=\"select-lang\"><select class=\"wpcf7-form-control wpcf7-select wpcf7-validates-as-required\" aria-required=\"true\" aria-invalid=\"false\" name=\"select-lang\"><option value=\"Fran\u00e7ais\">Fran\u00e7ais<\/option><option value=\"English\">English<\/option><option value=\"Espa\u00f1ol\">Espa\u00f1ol<\/option><\/select><\/span> <\/label><br \/>\n<label> M\u00e9todo de contacto deseado <span class=\"req_field\">*<\/span><br \/>\n<span class=\"wpcf7-form-control-wrap\" data-name=\"select-methode\"><select class=\"wpcf7-form-control wpcf7-select wpcf7-validates-as-required\" aria-required=\"true\" aria-invalid=\"false\" name=\"select-methode\"><option value=\"Por correo electr\u00f3nico\">Por correo electr\u00f3nico<\/option><option value=\"Por tel\u00e9fono\">Por tel\u00e9fono<\/option><\/select><\/span> <\/label>\n\t\t<\/p>\n\t<\/div>\n\t<div class=\"hpb_form_row\">\n\t\t<p><label> Su mensaje <span class=\"req_field\">*<\/span><br \/>\n<span class=\"wpcf7-form-control-wrap\" data-name=\"message\"><textarea cols=\"40\" rows=\"10\" maxlength=\"2000\" class=\"wpcf7-form-control wpcf7-textarea wpcf7-validates-as-required\" aria-required=\"true\" aria-invalid=\"false\" name=\"message\"><\/textarea><\/span><br \/>\n<\/label>\n\t\t<\/p>\n\t<\/div>\n\t<div class=\"hpb_form_row\">\n\t\t<p><span class=\"wpcf7-form-control-wrap\" data-name=\"checkbox-newsletter\"><span class=\"wpcf7-form-control wpcf7-checkbox\"><span class=\"wpcf7-list-item first last\"><label><input type=\"checkbox\" name=\"checkbox-newsletter[]\" value=\"Mant\u00e9ngase informado sobre noticias y eventos en el Hotel Parc Beaumont\" \/><span class=\"wpcf7-list-item-label\">Mant\u00e9ngase informado sobre noticias y eventos en el Hotel Parc Beaumont<\/span><\/label><\/span><\/span><\/span>\n\t\t<\/p>\n\t<\/div>\n\t<div class=\"hpb_form_row\">\n\t\t<p><span class=\"wpcf7-form-control-wrap\" data-name=\"acceptance-rgpd\"><span class=\"wpcf7-form-control wpcf7-acceptance\"><span class=\"wpcf7-list-item\"><label><input type=\"checkbox\" name=\"acceptance-rgpd\" value=\"1\" aria-invalid=\"false\" \/><span class=\"wpcf7-list-item-label\">Al marcar esta casilla, acepto que el H\u00f4tel Parc Beaumont pueda utilizar mis datos de contacto de acuerdo con su <a href=\"\/es\/politica-de-privacidad\/\" target=\"_blank\">pol\u00edtica de privacidad.<\/a> <span class=\"req_field\">*<\/span><\/span><\/label><\/span><\/span><\/span>\n\t\t<\/p>\n\t<\/div>\n\t<p><input class=\"wpcf7-form-control wpcf7-submit has-spinner\" type=\"submit\" value=\"Enviaje\" \/>\n\t<\/p>\n<\/div><div class=\"wpcf7-response-output\" aria-hidden=\"true\"><\/div>\n<\/form>\n<\/div>\n[\/vc_column_inner][\/vc_row_inner][\/vc_column][\/vc_row]\n","protected":false},"excerpt":{"rendered":"<p>[vc_row type=\u00bbfull_width_content\u00bb full_screen_row_position=\u00bbmiddle\u00bb column_margin=\u00bbdefault\u00bb column_direction=\u00bbdefault\u00bb column_direction_tablet=\u00bbdefault\u00bb column_direction_phone=\u00bbdefault\u00bb scene_position=\u00bbcenter\u00bb top_padding=\u00bb10%\u00bb bottom_padding=\u00bb6%\u00bb left_padding_desktop=\u00bb60&#8243; constrain_group_2=\u00bbyes\u00bb right_padding_desktop=\u00bb60&#8243; top_padding_phone=\u00bb16%\u00bb bottom_padding_phone=\u00bb12%\u00bb left_padding_phone=\u00bb18px\u00bb constrain_group_6=\u00bbyes\u00bb right_padding_phone=\u00bb18px\u00bb text_color=\u00bbdark\u00bb text_align=\u00bbleft\u00bb row_border_radius=\u00bbnone\u00bb row_border_radius_applies=\u00bbbg\u00bb overflow=\u00bbvisible\u00bb id=\u00bbhpb_desti\u00bb overlay_strength=\u00bb0.3&#8243; gradient_direction=\u00bbleft_to_right\u00bb shape_divider_position=\u00bbbottom\u00bb bg_image_animation=\u00bbnone\u00bb gradient_type=\u00bbdefault\u00bb shape_type=\u00bb\u00bb][vc_column&#8230;<\/p>\n","protected":false},"author":1,"featured_media":0,"parent":1330,"menu_order":0,"comment_status":"closed","ping_status":"closed","template":"","meta":{"inline_featured_image":false,"footnotes":""},"class_list":["post-1964","page","type-page","status-publish"],"yoast_head":"<!-- This site is optimized with the Yoast SEO plugin v27.1.1 - https:\/\/yoast.com\/product\/yoast-seo-wordpress\/ -->\n<title>Formulario de contacto - H\u00f4tel Parc Beaumont<\/title>\n<meta name=\"robots\" content=\"index, follow, max-snippet:-1, max-image-preview:large, max-video-preview:-1\" \/>\n<link rel=\"canonical\" href=\"https:\/\/www.hotel-parc-beaumont.com\/es\/contacto-y-acceso\/formulario-de-contacto\/\" \/>\n<meta property=\"og:locale\" content=\"es_ES\" \/>\n<meta property=\"og:type\" content=\"article\" \/>\n<meta property=\"og:title\" content=\"Formulario de contacto - H\u00f4tel Parc Beaumont\" \/>\n<meta property=\"og:description\" content=\"[vc_row type=\u00bbfull_width_content\u00bb full_screen_row_position=\u00bbmiddle\u00bb column_margin=\u00bbdefault\u00bb column_direction=\u00bbdefault\u00bb column_direction_tablet=\u00bbdefault\u00bb column_direction_phone=\u00bbdefault\u00bb scene_position=\u00bbcenter\u00bb top_padding=\u00bb10%\u00bb bottom_padding=\u00bb6%\u00bb left_padding_desktop=\u00bb60&#8243; constrain_group_2=\u00bbyes\u00bb right_padding_desktop=\u00bb60&#8243; top_padding_phone=\u00bb16%\u00bb bottom_padding_phone=\u00bb12%\u00bb left_padding_phone=\u00bb18px\u00bb constrain_group_6=\u00bbyes\u00bb right_padding_phone=\u00bb18px\u00bb text_color=\u00bbdark\u00bb text_align=\u00bbleft\u00bb row_border_radius=\u00bbnone\u00bb row_border_radius_applies=\u00bbbg\u00bb overflow=\u00bbvisible\u00bb id=\u00bbhpb_desti\u00bb overlay_strength=\u00bb0.3&#8243; gradient_direction=\u00bbleft_to_right\u00bb shape_divider_position=\u00bbbottom\u00bb bg_image_animation=\u00bbnone\u00bb gradient_type=\u00bbdefault\u00bb shape_type=\u00bb\u00bb][vc_column...\" \/>\n<meta property=\"og:url\" content=\"https:\/\/www.hotel-parc-beaumont.com\/es\/contacto-y-acceso\/formulario-de-contacto\/\" \/>\n<meta property=\"og:site_name\" content=\"H\u00f4tel Parc Beaumont\" \/>\n<meta property=\"article:publisher\" content=\"https:\/\/www.facebook.com\/hotel.parc.beaumont\" \/>\n<meta property=\"article:modified_time\" content=\"2025-11-25T13:49:30+00:00\" \/>\n<meta property=\"og:image\" content=\"https:\/\/www.hotel-parc-beaumont.com\/wp-content\/uploads\/2025\/02\/exterieur-web--scaled.jpg\" \/>\n\t<meta property=\"og:image:width\" content=\"2560\" \/>\n\t<meta property=\"og:image:height\" content=\"1784\" \/>\n\t<meta property=\"og:image:type\" content=\"image\/jpeg\" \/>\n<meta name=\"twitter:card\" content=\"summary_large_image\" \/>\n<meta name=\"twitter:label1\" content=\"Tiempo de lectura\" \/>\n\t<meta name=\"twitter:data1\" content=\"1 minuto\" \/>\n<script type=\"application\/ld+json\" class=\"yoast-schema-graph\">{\"@context\":\"https:\/\/schema.org\",\"@graph\":[{\"@type\":\"WebPage\",\"@id\":\"https:\/\/www.hotel-parc-beaumont.com\/es\/contacto-y-acceso\/formulario-de-contacto\/\",\"url\":\"https:\/\/www.hotel-parc-beaumont.com\/es\/contacto-y-acceso\/formulario-de-contacto\/\",\"name\":\"Formulario de contacto - H\u00f4tel Parc Beaumont\",\"isPartOf\":{\"@id\":\"https:\/\/www.hotel-parc-beaumont.com\/#website\"},\"datePublished\":\"2025-11-04T10:03:26+00:00\",\"dateModified\":\"2025-11-25T13:49:30+00:00\",\"breadcrumb\":{\"@id\":\"https:\/\/www.hotel-parc-beaumont.com\/es\/contacto-y-acceso\/formulario-de-contacto\/#breadcrumb\"},\"inLanguage\":\"es\",\"potentialAction\":[{\"@type\":\"ReadAction\",\"target\":[\"https:\/\/www.hotel-parc-beaumont.com\/es\/contacto-y-acceso\/formulario-de-contacto\/\"]}]},{\"@type\":\"BreadcrumbList\",\"@id\":\"https:\/\/www.hotel-parc-beaumont.com\/es\/contacto-y-acceso\/formulario-de-contacto\/#breadcrumb\",\"itemListElement\":[{\"@type\":\"ListItem\",\"position\":1,\"name\":\"Accueil\",\"item\":\"https:\/\/www.hotel-parc-beaumont.com\/es\/\"},{\"@type\":\"ListItem\",\"position\":2,\"name\":\"Contacto y Acceso\",\"item\":\"https:\/\/www.hotel-parc-beaumont.com\/es\/contacto-y-acceso\/\"},{\"@type\":\"ListItem\",\"position\":3,\"name\":\"Formulario de contacto\"}]},{\"@type\":\"WebSite\",\"@id\":\"https:\/\/www.hotel-parc-beaumont.com\/#website\",\"url\":\"https:\/\/www.hotel-parc-beaumont.com\/\",\"name\":\"H\u00f4tel Parc Beaumont\",\"description\":\"H\u00f4tel \u00e0 Pau MGallery Collection\",\"publisher\":{\"@id\":\"https:\/\/www.hotel-parc-beaumont.com\/#organization\"},\"potentialAction\":[{\"@type\":\"SearchAction\",\"target\":{\"@type\":\"EntryPoint\",\"urlTemplate\":\"https:\/\/www.hotel-parc-beaumont.com\/?s={search_term_string}\"},\"query-input\":{\"@type\":\"PropertyValueSpecification\",\"valueRequired\":true,\"valueName\":\"search_term_string\"}}],\"inLanguage\":\"es\"},{\"@type\":\"Organization\",\"@id\":\"https:\/\/www.hotel-parc-beaumont.com\/#organization\",\"name\":\"H\u00f4tel Parc Beaumont\",\"url\":\"https:\/\/www.hotel-parc-beaumont.com\/\",\"logo\":{\"@type\":\"ImageObject\",\"inLanguage\":\"es\",\"@id\":\"https:\/\/www.hotel-parc-beaumont.com\/#\/schema\/logo\/image\/\",\"url\":\"https:\/\/www.hotel-parc-beaumont.com\/wp-content\/uploads\/2025\/02\/HotelParcBeaumont_Logo_Green.svg\",\"contentUrl\":\"https:\/\/www.hotel-parc-beaumont.com\/wp-content\/uploads\/2025\/02\/HotelParcBeaumont_Logo_Green.svg\",\"width\":291,\"height\":50,\"caption\":\"H\u00f4tel Parc Beaumont\"},\"image\":{\"@id\":\"https:\/\/www.hotel-parc-beaumont.com\/#\/schema\/logo\/image\/\"},\"sameAs\":[\"https:\/\/www.facebook.com\/hotel.parc.beaumont\",\"https:\/\/www.instagram.com\/hotelparcbeaumont\/\"]}]}<\/script>\n<!-- \/ Yoast SEO plugin. -->","yoast_head_json":{"title":"Formulario de contacto - H\u00f4tel Parc Beaumont","robots":{"index":"index","follow":"follow","max-snippet":"max-snippet:-1","max-image-preview":"max-image-preview:large","max-video-preview":"max-video-preview:-1"},"canonical":"https:\/\/www.hotel-parc-beaumont.com\/es\/contacto-y-acceso\/formulario-de-contacto\/","og_locale":"es_ES","og_type":"article","og_title":"Formulario de contacto - H\u00f4tel Parc Beaumont","og_description":"[vc_row type=\u00bbfull_width_content\u00bb full_screen_row_position=\u00bbmiddle\u00bb column_margin=\u00bbdefault\u00bb column_direction=\u00bbdefault\u00bb column_direction_tablet=\u00bbdefault\u00bb column_direction_phone=\u00bbdefault\u00bb scene_position=\u00bbcenter\u00bb top_padding=\u00bb10%\u00bb bottom_padding=\u00bb6%\u00bb left_padding_desktop=\u00bb60&#8243; constrain_group_2=\u00bbyes\u00bb right_padding_desktop=\u00bb60&#8243; top_padding_phone=\u00bb16%\u00bb bottom_padding_phone=\u00bb12%\u00bb left_padding_phone=\u00bb18px\u00bb constrain_group_6=\u00bbyes\u00bb right_padding_phone=\u00bb18px\u00bb text_color=\u00bbdark\u00bb text_align=\u00bbleft\u00bb row_border_radius=\u00bbnone\u00bb row_border_radius_applies=\u00bbbg\u00bb overflow=\u00bbvisible\u00bb id=\u00bbhpb_desti\u00bb overlay_strength=\u00bb0.3&#8243; gradient_direction=\u00bbleft_to_right\u00bb shape_divider_position=\u00bbbottom\u00bb bg_image_animation=\u00bbnone\u00bb gradient_type=\u00bbdefault\u00bb shape_type=\u00bb\u00bb][vc_column...","og_url":"https:\/\/www.hotel-parc-beaumont.com\/es\/contacto-y-acceso\/formulario-de-contacto\/","og_site_name":"H\u00f4tel Parc Beaumont","article_publisher":"https:\/\/www.facebook.com\/hotel.parc.beaumont","article_modified_time":"2025-11-25T13:49:30+00:00","og_image":[{"width":2560,"height":1784,"url":"https:\/\/www.hotel-parc-beaumont.com\/wp-content\/uploads\/2025\/02\/exterieur-web--scaled.jpg","type":"image\/jpeg"}],"twitter_card":"summary_large_image","twitter_misc":{"Tiempo de lectura":"1 minuto"},"schema":{"@context":"https:\/\/schema.org","@graph":[{"@type":"WebPage","@id":"https:\/\/www.hotel-parc-beaumont.com\/es\/contacto-y-acceso\/formulario-de-contacto\/","url":"https:\/\/www.hotel-parc-beaumont.com\/es\/contacto-y-acceso\/formulario-de-contacto\/","name":"Formulario de contacto - H\u00f4tel Parc Beaumont","isPartOf":{"@id":"https:\/\/www.hotel-parc-beaumont.com\/#website"},"datePublished":"2025-11-04T10:03:26+00:00","dateModified":"2025-11-25T13:49:30+00:00","breadcrumb":{"@id":"https:\/\/www.hotel-parc-beaumont.com\/es\/contacto-y-acceso\/formulario-de-contacto\/#breadcrumb"},"inLanguage":"es","potentialAction":[{"@type":"ReadAction","target":["https:\/\/www.hotel-parc-beaumont.com\/es\/contacto-y-acceso\/formulario-de-contacto\/"]}]},{"@type":"BreadcrumbList","@id":"https:\/\/www.hotel-parc-beaumont.com\/es\/contacto-y-acceso\/formulario-de-contacto\/#breadcrumb","itemListElement":[{"@type":"ListItem","position":1,"name":"Accueil","item":"https:\/\/www.hotel-parc-beaumont.com\/es\/"},{"@type":"ListItem","position":2,"name":"Contacto y Acceso","item":"https:\/\/www.hotel-parc-beaumont.com\/es\/contacto-y-acceso\/"},{"@type":"ListItem","position":3,"name":"Formulario de contacto"}]},{"@type":"WebSite","@id":"https:\/\/www.hotel-parc-beaumont.com\/#website","url":"https:\/\/www.hotel-parc-beaumont.com\/","name":"H\u00f4tel Parc Beaumont","description":"H\u00f4tel \u00e0 Pau MGallery Collection","publisher":{"@id":"https:\/\/www.hotel-parc-beaumont.com\/#organization"},"potentialAction":[{"@type":"SearchAction","target":{"@type":"EntryPoint","urlTemplate":"https:\/\/www.hotel-parc-beaumont.com\/?s={search_term_string}"},"query-input":{"@type":"PropertyValueSpecification","valueRequired":true,"valueName":"search_term_string"}}],"inLanguage":"es"},{"@type":"Organization","@id":"https:\/\/www.hotel-parc-beaumont.com\/#organization","name":"H\u00f4tel Parc Beaumont","url":"https:\/\/www.hotel-parc-beaumont.com\/","logo":{"@type":"ImageObject","inLanguage":"es","@id":"https:\/\/www.hotel-parc-beaumont.com\/#\/schema\/logo\/image\/","url":"https:\/\/www.hotel-parc-beaumont.com\/wp-content\/uploads\/2025\/02\/HotelParcBeaumont_Logo_Green.svg","contentUrl":"https:\/\/www.hotel-parc-beaumont.com\/wp-content\/uploads\/2025\/02\/HotelParcBeaumont_Logo_Green.svg","width":291,"height":50,"caption":"H\u00f4tel Parc Beaumont"},"image":{"@id":"https:\/\/www.hotel-parc-beaumont.com\/#\/schema\/logo\/image\/"},"sameAs":["https:\/\/www.facebook.com\/hotel.parc.beaumont","https:\/\/www.instagram.com\/hotelparcbeaumont\/"]}]}},"_links":{"self":[{"href":"https:\/\/www.hotel-parc-beaumont.com\/es\/wp-json\/wp\/v2\/pages\/1964","targetHints":{"allow":["GET"]}}],"collection":[{"href":"https:\/\/www.hotel-parc-beaumont.com\/es\/wp-json\/wp\/v2\/pages"}],"about":[{"href":"https:\/\/www.hotel-parc-beaumont.com\/es\/wp-json\/wp\/v2\/types\/page"}],"author":[{"embeddable":true,"href":"https:\/\/www.hotel-parc-beaumont.com\/es\/wp-json\/wp\/v2\/users\/1"}],"replies":[{"embeddable":true,"href":"https:\/\/www.hotel-parc-beaumont.com\/es\/wp-json\/wp\/v2\/comments?post=1964"}],"version-history":[{"count":4,"href":"https:\/\/www.hotel-parc-beaumont.com\/es\/wp-json\/wp\/v2\/pages\/1964\/revisions"}],"predecessor-version":[{"id":1968,"href":"https:\/\/www.hotel-parc-beaumont.com\/es\/wp-json\/wp\/v2\/pages\/1964\/revisions\/1968"}],"up":[{"embeddable":true,"href":"https:\/\/www.hotel-parc-beaumont.com\/es\/wp-json\/wp\/v2\/pages\/1330"}],"wp:attachment":[{"href":"https:\/\/www.hotel-parc-beaumont.com\/es\/wp-json\/wp\/v2\/media?parent=1964"}],"curies":[{"name":"wp","href":"https:\/\/api.w.org\/{rel}","templated":true}]}}